{"id":200,"date":"2019-02-20T12:56:36","date_gmt":"2019-02-20T11:56:36","guid":{"rendered":"http:\/\/docteurhusson.fr\/?page_id=200"},"modified":"2019-02-20T14:50:44","modified_gmt":"2019-02-20T13:50:44","slug":"traitement-parodontaux","status":"publish","type":"page","link":"https:\/\/docteurhusson.fr\/index.php\/traitement-parodontaux\/","title":{"rendered":"Traitement parodontaux"},"content":{"rendered":"<p><br>\n<!--StartFragment--><\/p>\n\n\n<p>Les maladies parodontales repr\u00e9sentent, avec la carie dentaire, les affections principales de la cavit\u00e9 buccale.<\/p>\n\n\n\n<p>Pour\n conserver des dents saines, il est essentiel d\u2019assurer \u00e9galement la \nsant\u00e9 de vos gencives et de supprimer les d\u00e9p\u00f4ts de tartre \nsous-gingivaux.<\/p>\n\n\n\n<figure class=\"wp-block-image\"><a href=\"https:\/\/www.dr-christophe-pierret.chirurgiens-dentistes.fr\/wp-content\/uploads\/parodontologie2.jpg\"><img decoding=\"async\" src=\"https:\/\/www.dr-christophe-pierret.chirurgiens-dentistes.fr\/wp-content\/uploads\/parodontologie2.jpg\" alt=\"ParodontologieMarcq-en-Bar\u0153ul\" class=\"wp-image-2901\"\/><\/a><\/figure>\n\n\n\n<p>Une\n inflammation non soign\u00e9e peut endommager votre dentition durablement. \nPour ne pas en arriver l\u00e0, nous mettons en place des soins adapt\u00e9s \ndestin\u00e9s \u00e0 enrayer le processus et \u00e0 pr\u00e9server durablement la sant\u00e9 de \nvos dents.<\/p>\n\n\n\n<figure class=\"wp-block-image\"><a href=\"https:\/\/www.dr-christophe-pierret.chirurgiens-dentistes.fr\/wp-content\/uploads\/parodontologie3.jpg\"><img decoding=\"async\" src=\"https:\/\/www.dr-christophe-pierret.chirurgiens-dentistes.fr\/wp-content\/uploads\/parodontologie3.jpg\" alt=\"Parodontologie\" class=\"wp-image-2902\"\/><\/a><\/figure>\n\n\n\n<p>Les\n maladies parodontales ou parodontites sont des infections bact\u00e9riennes \nqui se manifestent par des saignements gingivaux, des r\u00e9tractions de la \ngencive et une perte osseuse autour de la dent pouvant \u00eatre \u00e0 l\u2019origine \nde mobilit\u00e9s dentaires.<\/p>\n\n\n\n<figure class=\"wp-block-image\"><a href=\"https:\/\/www.dr-christophe-pierret.chirurgiens-dentistes.fr\/wp-content\/uploads\/parodontologie4.jpg\"><img decoding=\"async\" src=\"https:\/\/www.dr-christophe-pierret.chirurgiens-dentistes.fr\/wp-content\/uploads\/parodontologie4.jpg\" alt=\"Parodontologie\" class=\"wp-image-2903\"\/><\/a><\/figure>\n\n\n\n<p>La\n plaque dentaire et le tartre sont les facteurs d\u00e9clenchants de la \nmaladie parodontale puisqu\u2019ils servent de support aux bact\u00e9ries \u00e0 \nl\u2019origine de ce ph\u00e9nom\u00e8ne.<\/p>\n\n\n\n<ul><li>Le  traitement \u00e9tiologique consiste \u00e0 \u00e9liminer la plaque et le tartre par  l\u2019apprentissage de techniques d\u2019hygi\u00e8ne orale particuli\u00e8res, par des  d\u00e9tartrages et des surfa\u00e7ages (curetages des racines).<\/li><li>Le  traitement chirurgical intervient que dans les atteintes plus s\u00e9v\u00e8res  et consiste \u00e0 r\u00e9aliser des lambeaux pour avoir un acc\u00e8s direct aux  l\u00e9sions et dans certains cas \u00e0 combler ces l\u00e9sions.<\/li><li>Une  fois la maladie stabilis\u00e9e, il est imp\u00e9ratif de mettre en place un  suivi r\u00e9gulier, une prophylaxie (tous les 3 \u00e0 6 mois) pour \u00e9viter les  r\u00e9cidives.<\/li><\/ul>\n\n\n\n<h3><\/h3>\n\n\n<p><!--EndFragment--><br>\n<br>\n<\/p>","protected":false},"excerpt":{"rendered":"<p>Les maladies parodontales repr\u00e9sentent, avec la carie dentaire, les affections principales de la cavit\u00e9 buccale. Pour conserver des dents saines, il est essentiel d\u2019assurer \u00e9galement la sant\u00e9 de vos gencives et de supprimer les d\u00e9p\u00f4ts de tartre sous-gingivaux. Une inflammation non soign\u00e9e peut endommager votre dentition durablement. Pour ne pas en arriver l\u00e0, nous mettons [&hellip;]<\/p>\n","protected":false},"author":1,"featured_media":0,"parent":0,"menu_order":0,"comment_status":"closed","ping_status":"closed","template":"","meta":[],"_links":{"self":[{"href":"https:\/\/docteurhusson.fr\/index.php\/wp-json\/wp\/v2\/pages\/200"}],"collection":[{"href":"https:\/\/docteurhusson.fr\/index.php\/wp-json\/wp\/v2\/pages"}],"about":[{"href":"https:\/\/docteurhusson.fr\/index.php\/wp-json\/wp\/v2\/types\/page"}],"author":[{"embeddable":true,"href":"https:\/\/docteurhusson.fr\/index.php\/wp-json\/wp\/v2\/users\/1"}],"replies":[{"embeddable":true,"href":"https:\/\/docteurhusson.fr\/index.php\/wp-json\/wp\/v2\/comments?post=200"}],"version-history":[{"count":2,"href":"https:\/\/docteurhusson.fr\/index.php\/wp-json\/wp\/v2\/pages\/200\/revisions"}],"predecessor-version":[{"id":204,"href":"https:\/\/docteurhusson.fr\/index.php\/wp-json\/wp\/v2\/pages\/200\/revisions\/204"}],"wp:attachment":[{"href":"https:\/\/docteurhusson.fr\/index.php\/wp-json\/wp\/v2\/media?parent=200"}],"curies":[{"name":"wp","href":"https:\/\/api.w.org\/{rel}","templated":true}]}}