{"id":20,"date":"2019-02-16T15:41:02","date_gmt":"2019-02-16T14:41:02","guid":{"rendered":"http:\/\/docteurhusson.fr\/?page_id=20"},"modified":"2023-06-06T09:39:13","modified_gmt":"2023-06-06T07:39:13","slug":"a-propos-de","status":"publish","type":"page","link":"https:\/\/docteurhusson.fr\/index.php\/a-propos-de\/","title":{"rendered":"Le cabinet dentaire"},"content":{"rendered":"<p>Le bien-\u00eatre de nos patients est au c\u0153ur de nos pr\u00e9occupations. Nous faisons appel \u00e0 ce qui se fait de mieux dans notre domaine, tant au niveau des fournitures que du mat\u00e9riel ou des prestataires. L\u2019\u00e9quipe du cabinet est r\u00e9guli\u00e8rement form\u00e9e aux \u00ab Meilleures Pratiques \u00bb&nbsp; (organisation, st\u00e9rilisation du mat\u00e9riel, traitement proth\u00e9tique et esth\u00e9tique\u2026).<\/p>\n\n\n<figure class=\"is-layout-flex wp-block-gallery-1 wp-block-gallery has-nested-images columns-default is-cropped\">\n<figure class=\"wp-block-image size-full\"><img decoding=\"async\" loading=\"lazy\" width=\"480\" height=\"640\" data-id=\"327\"  src=\"http:\/\/docteurhusson.fr\/wp-content\/uploads\/2023\/06\/IMG_7609-rotated.jpg\" alt=\"\" class=\"wp-image-327\" srcset=\"https:\/\/docteurhusson.fr\/wp-content\/uploads\/2023\/06\/IMG_7609-rotated.jpg 480w, https:\/\/docteurhusson.fr\/wp-content\/uploads\/2023\/06\/IMG_7609-225x300.jpg 225w\" sizes=\"(max-width: 480px) 100vw, 480px\" \/><\/figure>\n\n\n\n<figure class=\"wp-block-image size-full\"><img decoding=\"async\" loading=\"lazy\" width=\"480\" height=\"640\" data-id=\"330\"  src=\"http:\/\/docteurhusson.fr\/wp-content\/uploads\/2023\/06\/IMG_7603-rotated.jpg\" alt=\"\" class=\"wp-image-330\" srcset=\"https:\/\/docteurhusson.fr\/wp-content\/uploads\/2023\/06\/IMG_7603-rotated.jpg 480w, https:\/\/docteurhusson.fr\/wp-content\/uploads\/2023\/06\/IMG_7603-225x300.jpg 225w\" sizes=\"(max-width: 480px) 100vw, 480px\" \/><\/figure>\n\n\n\n<figure class=\"wp-block-image size-full\"><img decoding=\"async\" loading=\"lazy\" width=\"480\" height=\"640\" data-id=\"328\"  src=\"http:\/\/docteurhusson.fr\/wp-content\/uploads\/2023\/06\/IMG_7608-rotated.jpg\" alt=\"\" class=\"wp-image-328\" srcset=\"https:\/\/docteurhusson.fr\/wp-content\/uploads\/2023\/06\/IMG_7608-rotated.jpg 480w, https:\/\/docteurhusson.fr\/wp-content\/uploads\/2023\/06\/IMG_7608-225x300.jpg 225w\" sizes=\"(max-width: 480px) 100vw, 480px\" \/><\/figure>\n\n\n\n<figure class=\"wp-block-image size-full\"><img decoding=\"async\" loading=\"lazy\" width=\"480\" height=\"640\" data-id=\"331\"  src=\"http:\/\/docteurhusson.fr\/wp-content\/uploads\/2023\/06\/IMG_7600-rotated.jpg\" alt=\"\" class=\"wp-image-331\" srcset=\"https:\/\/docteurhusson.fr\/wp-content\/uploads\/2023\/06\/IMG_7600-rotated.jpg 480w, https:\/\/docteurhusson.fr\/wp-content\/uploads\/2023\/06\/IMG_7600-225x300.jpg 225w\" sizes=\"(max-width: 480px) 100vw, 480px\" \/><\/figure>\n<\/figure>\n","protected":false},"excerpt":{"rendered":"<p>Le bien-\u00eatre de nos patients est au c\u0153ur de nos pr\u00e9occupations. Nous faisons appel \u00e0 ce qui se fait de mieux dans notre domaine, tant au niveau des fournitures que du mat\u00e9riel ou des prestataires. L\u2019\u00e9quipe du cabinet est r\u00e9guli\u00e8rement form\u00e9e aux \u00ab Meilleures Pratiques \u00bb&nbsp; (organisation, st\u00e9rilisation du mat\u00e9riel, traitement proth\u00e9tique et esth\u00e9tique\u2026).<\/p>\n","protected":false},"author":1,"featured_media":331,"parent":0,"menu_order":0,"comment_status":"closed","ping_status":"closed","template":"","meta":[],"_links":{"self":[{"href":"https:\/\/docteurhusson.fr\/index.php\/wp-json\/wp\/v2\/pages\/20"}],"collection":[{"href":"https:\/\/docteurhusson.fr\/index.php\/wp-json\/wp\/v2\/pages"}],"about":[{"href":"https:\/\/docteurhusson.fr\/index.php\/wp-json\/wp\/v2\/types\/page"}],"author":[{"embeddable":true,"href":"https:\/\/docteurhusson.fr\/index.php\/wp-json\/wp\/v2\/users\/1"}],"replies":[{"embeddable":true,"href":"https:\/\/docteurhusson.fr\/index.php\/wp-json\/wp\/v2\/comments?post=20"}],"version-history":[{"count":11,"href":"https:\/\/docteurhusson.fr\/index.php\/wp-json\/wp\/v2\/pages\/20\/revisions"}],"predecessor-version":[{"id":334,"href":"https:\/\/docteurhusson.fr\/index.php\/wp-json\/wp\/v2\/pages\/20\/revisions\/334"}],"wp:featuredmedia":[{"embeddable":true,"href":"https:\/\/docteurhusson.fr\/index.php\/wp-json\/wp\/v2\/media\/331"}],"wp:attachment":[{"href":"https:\/\/docteurhusson.fr\/index.php\/wp-json\/wp\/v2\/media?parent=20"}],"curies":[{"name":"wp","href":"https:\/\/api.w.org\/{rel}","templated":true}]}}