{"id":2,"date":"2019-02-07T19:26:22","date_gmt":"2019-02-07T18:26:22","guid":{"rendered":"http:\/\/docteurhusson.fr\/?page_id=2"},"modified":"2021-03-30T11:37:58","modified_gmt":"2021-03-30T09:37:58","slug":"page-d-exemple","status":"publish","type":"page","link":"https:\/\/docteurhusson.fr\/index.php\/page-d-exemple\/","title":{"rendered":"GOUTTIERES INVISIBLES"},"content":{"rendered":"\n<h3><img decoding=\"async\" loading=\"lazy\" src=\"http:\/\/biotechdental.wpengine.com\/wp-content\/uploads\/2015\/12\/fleche2.png\" alt=\"fleche2\" width=\"50\" height=\"44\">GOUTTI\u00c8RES DENTAIRES EN ORTHODONTIE, POURQUOI LES UTILISER ?<\/h3>\n\n\n\n<figure class=\"wp-block-image\"><img decoding=\"async\" src=\"http:\/\/www.biotech-dental.com\/wp-content\/uploads\/2015\/12\/preconisation-dentosmile1.png\" alt=\"\"\/><\/figure>\n\n\n\n<p>Les goutti\u00e8res transparentes sont pr\u00e9conis\u00e9es en cas de :<\/p>\n\n\n\n<ul><li>dents qui se chevauchent<\/li><li>dents mal align\u00e9es<\/li><li>trop d\u2019espace entre les dents<\/li><li>probl\u00e8mes d\u2019occlusion<\/li><li>dysfonctionnement de l\u2019articulation de la m\u00e2choire (claquements, douleurs\u2026)<\/li><\/ul>\n\n\n\n<h3><img decoding=\"async\" loading=\"lazy\" src=\"http:\/\/biotechdental.wpengine.com\/wp-content\/uploads\/2015\/12\/fleche2.png\" alt=\"fleche2\" width=\"50\" height=\"44\">TRAITEMENT PAR GOUTTI\u00c8RES DENTAIRES<\/h3>\n\n\n\n<p>Un plan de traitement d\u00e9taill\u00e9 vous sera propos\u00e9 (nombre de goutti\u00e8res n\u00e9cessaires, dur\u00e9e et co\u00fbt du traitement).<\/p>\n\n\n\n<p><strong>Discr\u00e8tes et amovibles, les goutti\u00e8res transparentes 100% fran\u00e7aises peuvent \u00eatre retir\u00e9es sans contraintes pour manger, boire, se brosser les dents ou pour une occasion sp\u00e9ciale.<\/strong>&nbsp;Il est pr\u00e9conis\u00e9 de les porter 22 heures minimum par jour. La dur\u00e9e du traitement varie entre 6 \u00e0 24 mois en moyenne.<\/p>\n\n\n\n<p>Ce protocole d\u2019alignement invisible peut \u00eatre pratiqu\u00e9 par votre chirurgien-dentiste et ne n\u00e9cessite pas de consultation chez un orthodontiste (contrairement au traitement traditionnel d\u2019alignement, avec bagues et fils).<\/p>\n\n\n\n<figure class=\"wp-block-image\"><img decoding=\"async\" src=\"http:\/\/www.biotech-dental.com\/wp-content\/uploads\/2019\/03\/Gouttiere_Smilers_retourn%C3%A9e_fond-TRANSPARENT.png\" alt=\"\"\/><\/figure>\n\n\n\n<figure class=\"wp-block-image\"><img decoding=\"async\" src=\"http:\/\/www.biotech-dental.com\/wp-content\/uploads\/2019\/04\/fresque-smilers-1.png\" alt=\"\"\/><\/figure>\n","protected":false},"excerpt":{"rendered":"<p>GOUTTI\u00c8RES DENTAIRES EN ORTHODONTIE, POURQUOI LES UTILISER ? Les goutti\u00e8res transparentes sont pr\u00e9conis\u00e9es en cas de : dents qui se chevauchent dents mal align\u00e9es trop d\u2019espace entre les dents probl\u00e8mes d\u2019occlusion dysfonctionnement de l\u2019articulation de la m\u00e2choire (claquements, douleurs\u2026) TRAITEMENT PAR GOUTTI\u00c8RES DENTAIRES Un plan de traitement d\u00e9taill\u00e9 vous sera propos\u00e9 (nombre de goutti\u00e8res n\u00e9cessaires, [&hellip;]<\/p>\n","protected":false},"author":1,"featured_media":0,"parent":0,"menu_order":0,"comment_status":"closed","ping_status":"open","template":"","meta":[],"_links":{"self":[{"href":"https:\/\/docteurhusson.fr\/index.php\/wp-json\/wp\/v2\/pages\/2"}],"collection":[{"href":"https:\/\/docteurhusson.fr\/index.php\/wp-json\/wp\/v2\/pages"}],"about":[{"href":"https:\/\/docteurhusson.fr\/index.php\/wp-json\/wp\/v2\/types\/page"}],"author":[{"embeddable":true,"href":"https:\/\/docteurhusson.fr\/index.php\/wp-json\/wp\/v2\/users\/1"}],"replies":[{"embeddable":true,"href":"https:\/\/docteurhusson.fr\/index.php\/wp-json\/wp\/v2\/comments?post=2"}],"version-history":[{"count":1,"href":"https:\/\/docteurhusson.fr\/index.php\/wp-json\/wp\/v2\/pages\/2\/revisions"}],"predecessor-version":[{"id":305,"href":"https:\/\/docteurhusson.fr\/index.php\/wp-json\/wp\/v2\/pages\/2\/revisions\/305"}],"wp:attachment":[{"href":"https:\/\/docteurhusson.fr\/index.php\/wp-json\/wp\/v2\/media?parent=2"}],"curies":[{"name":"wp","href":"https:\/\/api.w.org\/{rel}","templated":true}]}}